{"id":113,"date":"2021-05-03T13:29:33","date_gmt":"2021-05-03T13:29:33","guid":{"rendered":"https:\/\/pptzaptivke.rs\/about-2\/"},"modified":"2023-05-16T12:26:47","modified_gmt":"2023-05-16T12:26:47","slug":"about-2","status":"publish","type":"page","link":"https:\/\/zaptivnielementi.rs\/en\/about-2\/","title":{"rendered":"About"},"content":{"rendered":"<div data-elementor-type=\"wp-page\" data-elementor-id=\"113\" class=\"elementor elementor-113\">\n\t\t\t\t\t\t<section class=\"elementor-section elementor-top-section elementor-element elementor-element-14dbb43 elementor-section-boxed elementor-section-height-default elementor-section-height-default\" data-id=\"14dbb43\" data-element_type=\"section\" data-e-type=\"section\" data-settings=\"{&quot;background_background&quot;:&quot;classic&quot;}\">\n\t\t\t\t\t\t\t<div class=\"elementor-background-overlay\"><\/div>\n\t\t\t\t\t\t\t<div class=\"elementor-container elementor-column-gap-no\">\n\t\t\t\t\t<div class=\"elementor-column elementor-col-100 elementor-top-column elementor-element elementor-element-b2c6c1f\" data-id=\"b2c6c1f\" data-element_type=\"column\" data-e-type=\"column\">\n\t\t\t<div class=\"elementor-widget-wrap elementor-element-populated\">\n\t\t\t\t\t\t<div class=\"elementor-element elementor-element-cd21b8d elementor-widget-divider--view-line elementor-widget elementor-widget-divider\" data-id=\"cd21b8d\" data-element_type=\"widget\" data-e-type=\"widget\" data-widget_type=\"divider.default\">\n\t\t\t\t<div class=\"elementor-widget-container\">\n\t\t\t\t\t\t\t<div class=\"elementor-divider\">\n\t\t\t<span class=\"elementor-divider-separator\">\n\t\t\t\t\t\t<\/span>\n\t\t<\/div>\n\t\t\t\t\t\t<\/div>\n\t\t\t\t<\/div>\n\t\t\t\t<div class=\"elementor-element elementor-element-24c8cab elementor-widget elementor-widget-heading\" data-id=\"24c8cab\" data-element_type=\"widget\" data-e-type=\"widget\" data-widget_type=\"heading.default\">\n\t\t\t\t<div class=\"elementor-widget-container\">\n\t\t\t\t\t<h1 class=\"elementor-heading-title elementor-size-default\">About us<\/h1>\t\t\t\t<\/div>\n\t\t\t\t<\/div>\n\t\t\t\t\t<\/div>\n\t\t<\/div>\n\t\t\t\t\t<\/div>\n\t\t<\/section>\n\t\t\t\t<section class=\"elementor-section elementor-top-section elementor-element elementor-element-726b656 elementor-section-boxed elementor-section-height-default elementor-section-height-default\" data-id=\"726b656\" data-element_type=\"section\" data-e-type=\"section\" data-settings=\"{&quot;background_background&quot;:&quot;classic&quot;}\">\n\t\t\t\t\t\t<div class=\"elementor-container elementor-column-gap-default\">\n\t\t\t\t\t<div class=\"elementor-column elementor-col-100 elementor-top-column elementor-element elementor-element-517b67a\" data-id=\"517b67a\" data-element_type=\"column\" data-e-type=\"column\">\n\t\t\t<div class=\"elementor-widget-wrap elementor-element-populated\">\n\t\t\t\t\t\t<div class=\"elementor-element elementor-element-7cb44c7 elementor-widget elementor-widget-text-editor\" data-id=\"7cb44c7\" data-element_type=\"widget\" data-e-type=\"widget\" data-widget_type=\"text-editor.default\">\n\t\t\t\t<div class=\"elementor-widget-container\">\n\t\t\t\t\t\t\t\t\t<p>\u00a0<\/p><p>Company Prva Petoletka-Zaptivni elementi is manufacturing sealing elements for hydraulic and pneumatic devices and systems.<\/p><p>Production program consists of a wide range of products: O-rings, cuffs, sealing sets, sealing sets rubber-fabrics, membranes, rubber-metal parts, PTFE parts, protective elements.\nMaterials used for production of sealing elements are elastomers, thermoplastics, elastomer-fabrics, PTFE.<\/p><p>Constructive solutions of sealing elements and materials successfully seal hydraulic and pneumatic devices in various areas of application, temperature range from -60 \u00b0C up to + 200 \u00b0C and pressures up to 400 bars. High quality sealing elements meet strict world standards and norms ISO, DIN, JED.\nCompany has highly educated staff, modern technology and high quality products.<\/p><p>Production program covers numerous areas of application:<\/p><ul><li>-Oil hydraulics<\/li><li>-Brake systems for road and rail vehicles<\/li><li>-Industrial pneumatics<\/li><li>-Military industry<\/li><li>-Aviation industry<\/li><li>-Automotive industry<\/li><li>-Shipbuilding<\/li><li>-Agricultural machines<\/li><li>-Chemical industry<\/li><\/ul><p>The factory has a highly educated staff, modern technology for manufacturing sealing elements and users of its products in Germany, France, Italy, America, Russia, Belarus, Ukraine and other parts of the world.<\/p><p>\u00a0<\/p>\t\t\t\t\t\t\t\t<\/div>\n\t\t\t\t<\/div>\n\t\t\t\t\t<\/div>\n\t\t<\/div>\n\t\t\t\t\t<\/div>\n\t\t<\/section>\n\t\t\t\t<section class=\"elementor-section elementor-top-section elementor-element elementor-element-4ac9e14 elementor-section-boxed elementor-section-height-default elementor-section-height-default\" data-id=\"4ac9e14\" data-element_type=\"section\" data-e-type=\"section\" data-settings=\"{&quot;background_background&quot;:&quot;classic&quot;}\">\n\t\t\t\t\t\t<div class=\"elementor-container elementor-column-gap-default\">\n\t\t\t\t\t<div class=\"elementor-column elementor-col-100 elementor-top-column elementor-element elementor-element-abab68b\" data-id=\"abab68b\" data-element_type=\"column\" data-e-type=\"column\">\n\t\t\t<div class=\"elementor-widget-wrap elementor-element-populated\">\n\t\t\t\t\t\t<div class=\"elementor-element elementor-element-f142933 elementor-widget elementor-widget-heading\" data-id=\"f142933\" data-element_type=\"widget\" data-e-type=\"widget\" data-widget_type=\"heading.default\">\n\t\t\t\t<div class=\"elementor-widget-container\">\n\t\t\t\t\t<h2 class=\"elementor-heading-title elementor-size-default\">Our customers<\/h2>\t\t\t\t<\/div>\n\t\t\t\t<\/div>\n\t\t\t\t<div class=\"elementor-element elementor-element-18ff07f elementor-widget elementor-widget-image\" data-id=\"18ff07f\" data-element_type=\"widget\" data-e-type=\"widget\" data-widget_type=\"image.default\">\n\t\t\t\t<div class=\"elementor-widget-container\">\n\t\t\t\t\t\t\t\t\t\t\t\t\t\t\t<img fetchpriority=\"high\" decoding=\"async\" width=\"1024\" height=\"744\" src=\"https:\/\/zaptivnielementi.rs\/wp-content\/uploads\/2023\/05\/Mapa1-1024x744.jpg\" class=\"attachment-large size-large wp-image-1088\" alt=\"\" srcset=\"https:\/\/zaptivnielementi.rs\/wp-content\/uploads\/2023\/05\/Mapa1-1024x744.jpg 1024w, https:\/\/zaptivnielementi.rs\/wp-content\/uploads\/2023\/05\/Mapa1-300x218.jpg 300w, https:\/\/zaptivnielementi.rs\/wp-content\/uploads\/2023\/05\/Mapa1-768x558.jpg 768w, https:\/\/zaptivnielementi.rs\/wp-content\/uploads\/2023\/05\/Mapa1-18x12.jpg 18w, https:\/\/zaptivnielementi.rs\/wp-content\/uploads\/2023\/05\/Mapa1.jpg 1082w\" sizes=\"(max-width: 1024px) 100vw, 1024px\" \/>\t\t\t\t\t\t\t\t\t\t\t\t\t\t\t<\/div>\n\t\t\t\t<\/div>\n\t\t\t\t\t<\/div>\n\t\t<\/div>\n\t\t\t\t\t<\/div>\n\t\t<\/section>\n\t\t\t\t<\/div>","protected":false},"excerpt":{"rendered":"<p>O nama \u00a0 Fabrika Prva petoletka \u2013 Zaptivni elementi &#8211; Trstenik se bavi poizvodnjom zaptivnih elemenata i sistema zaptivanja za hidrauli\u010dne i pneumatske ure\u0111aje i sisteme. Proizvodni program \u010dini \u0161irok asortiman proizvoda: O-prstenovi, man\u017eetne, zaptivni kompleti, zaptivni kompleti guma-tkanina, membrane, delovi guma-metal, delovi od PTFE materijala, za\u0161titni elementi. Materijali od kojih se prave zaptivni elementi [&hellip;]<\/p>\n","protected":false},"author":1,"featured_media":0,"parent":0,"menu_order":0,"comment_status":"closed","ping_status":"closed","template":"","meta":{"site-sidebar-layout":"no-sidebar","site-content-layout":"page-builder","ast-site-content-layout":"default","site-content-style":"default","site-sidebar-style":"default","ast-global-header-display":"","ast-banner-title-visibility":"","ast-main-header-display":"","ast-hfb-above-header-display":"","ast-hfb-below-header-display":"","ast-hfb-mobile-header-display":"","site-post-title":"disabled","ast-breadcrumbs-content":"","ast-featured-img":"disabled","footer-sml-layout":"","ast-disable-related-posts":"","theme-transparent-header-meta":"enabled","adv-header-id-meta":"","stick-header-meta":"","header-above-stick-meta":"","header-main-stick-meta":"","header-below-stick-meta":"","astra-migrate-meta-layouts":"default","ast-page-background-enabled":"default","ast-page-background-meta":{"desktop":{"background-color":"","background-image":"","background-repeat":"repeat","background-position":"center center","background-size":"auto","background-attachment":"scroll","background-type":"","background-media":"","overlay-type":"","overlay-color":"","overlay-opacity":"","overlay-gradient":""},"tablet":{"background-color":"","background-image":"","background-repeat":"repeat","background-position":"center center","background-size":"auto","background-attachment":"scroll","background-type":"","background-media":"","overlay-type":"","overlay-color":"","overlay-opacity":"","overlay-gradient":""},"mobile":{"background-color":"","background-image":"","background-repeat":"repeat","background-position":"center center","background-size":"auto","background-attachment":"scroll","background-type":"","background-media":"","overlay-type":"","overlay-color":"","overlay-opacity":"","overlay-gradient":""}},"ast-content-background-meta":{"desktop":{"background-color":"var(--ast-global-color-5)","background-image":"","background-repeat":"repeat","background-position":"center center","background-size":"auto","background-attachment":"scroll","background-type":"","background-media":"","overlay-type":"","overlay-color":"","overlay-opacity":"","overlay-gradient":""},"tablet":{"background-color":"var(--ast-global-color-5)","background-image":"","background-repeat":"repeat","background-position":"center center","background-size":"auto","background-attachment":"scroll","background-type":"","background-media":"","overlay-type":"","overlay-color":"","overlay-opacity":"","overlay-gradient":""},"mobile":{"background-color":"var(--ast-global-color-5)","background-image":"","background-repeat":"repeat","background-position":"center center","background-size":"auto","background-attachment":"scroll","background-type":"","background-media":"","overlay-type":"","overlay-color":"","overlay-opacity":"","overlay-gradient":""}},"footnotes":""},"class_list":["post-113","page","type-page","status-publish","hentry"],"yoast_head":"<!-- This site is optimized with the Yoast SEO plugin v27.3 - https:\/\/yoast.com\/product\/yoast-seo-wordpress\/ -->\n<title>About - Prva Petoletka<\/title>\n<meta name=\"description\" content=\"About - Prva Petoletka\" \/>\n<meta name=\"robots\" content=\"index, follow, max-snippet:-1, max-image-preview:large, max-video-preview:-1\" \/>\n<link rel=\"canonical\" href=\"https:\/\/zaptivnielementi.rs\/en\/about-2\/\" \/>\n<meta property=\"og:locale\" content=\"en_US\" \/>\n<meta property=\"og:type\" content=\"article\" \/>\n<meta property=\"og:title\" content=\"About - Prva Petoletka\" \/>\n<meta property=\"og:description\" content=\"About - Prva Petoletka\" \/>\n<meta property=\"og:url\" content=\"https:\/\/zaptivnielementi.rs\/en\/about-2\/\" \/>\n<meta property=\"og:site_name\" content=\"Prva Petoletka\" \/>\n<meta property=\"article:modified_time\" content=\"2023-05-16T12:26:47+00:00\" \/>\n<meta property=\"og:image\" content=\"https:\/\/zaptivnielementi.rs\/wp-content\/uploads\/2023\/05\/Mapa1-1024x744.jpg\" \/>\n<meta name=\"twitter:card\" content=\"summary_large_image\" \/>\n<meta name=\"twitter:label1\" content=\"Est. reading time\" \/>\n\t<meta name=\"twitter:data1\" content=\"1 minute\" \/>\n<script type=\"application\/ld+json\" class=\"yoast-schema-graph\">{\"@context\":\"https:\\\/\\\/schema.org\",\"@graph\":[{\"@type\":\"WebPage\",\"@id\":\"https:\\\/\\\/zaptivnielementi.rs\\\/about-2\\\/\",\"url\":\"https:\\\/\\\/zaptivnielementi.rs\\\/about-2\\\/\",\"name\":\"About - Prva Petoletka\",\"isPartOf\":{\"@id\":\"https:\\\/\\\/zaptivnielementi.rs\\\/#website\"},\"primaryImageOfPage\":{\"@id\":\"https:\\\/\\\/zaptivnielementi.rs\\\/about-2\\\/#primaryimage\"},\"image\":{\"@id\":\"https:\\\/\\\/zaptivnielementi.rs\\\/about-2\\\/#primaryimage\"},\"thumbnailUrl\":\"https:\\\/\\\/zaptivnielementi.rs\\\/wp-content\\\/uploads\\\/2023\\\/05\\\/Mapa1-1024x744.jpg\",\"datePublished\":\"2021-05-03T13:29:33+00:00\",\"dateModified\":\"2023-05-16T12:26:47+00:00\",\"description\":\"About - Prva Petoletka\",\"breadcrumb\":{\"@id\":\"https:\\\/\\\/zaptivnielementi.rs\\\/about-2\\\/#breadcrumb\"},\"inLanguage\":\"en-US\",\"potentialAction\":[{\"@type\":\"ReadAction\",\"target\":[\"https:\\\/\\\/zaptivnielementi.rs\\\/about-2\\\/\"]}]},{\"@type\":\"ImageObject\",\"inLanguage\":\"en-US\",\"@id\":\"https:\\\/\\\/zaptivnielementi.rs\\\/about-2\\\/#primaryimage\",\"url\":\"https:\\\/\\\/zaptivnielementi.rs\\\/wp-content\\\/uploads\\\/2023\\\/05\\\/Mapa1-1024x744.jpg\",\"contentUrl\":\"https:\\\/\\\/zaptivnielementi.rs\\\/wp-content\\\/uploads\\\/2023\\\/05\\\/Mapa1-1024x744.jpg\"},{\"@type\":\"BreadcrumbList\",\"@id\":\"https:\\\/\\\/zaptivnielementi.rs\\\/about-2\\\/#breadcrumb\",\"itemListElement\":[{\"@type\":\"ListItem\",\"position\":1,\"name\":\"Home\",\"item\":\"https:\\\/\\\/zaptivnielementi.rs\\\/\"},{\"@type\":\"ListItem\",\"position\":2,\"name\":\"About\"}]},{\"@type\":\"WebSite\",\"@id\":\"https:\\\/\\\/zaptivnielementi.rs\\\/#website\",\"url\":\"https:\\\/\\\/zaptivnielementi.rs\\\/\",\"name\":\"Zaptivni Elementi\",\"description\":\"zaptivnielementi\",\"publisher\":{\"@id\":\"https:\\\/\\\/zaptivnielementi.rs\\\/#organization\"},\"potentialAction\":[{\"@type\":\"SearchAction\",\"target\":{\"@type\":\"EntryPoint\",\"urlTemplate\":\"https:\\\/\\\/zaptivnielementi.rs\\\/?s={search_term_string}\"},\"query-input\":{\"@type\":\"PropertyValueSpecification\",\"valueRequired\":true,\"valueName\":\"search_term_string\"}}],\"inLanguage\":\"en-US\"},{\"@type\":\"Organization\",\"@id\":\"https:\\\/\\\/zaptivnielementi.rs\\\/#organization\",\"name\":\"Zaptivni Elementi\",\"url\":\"https:\\\/\\\/zaptivnielementi.rs\\\/\",\"logo\":{\"@type\":\"ImageObject\",\"inLanguage\":\"en-US\",\"@id\":\"https:\\\/\\\/zaptivnielementi.rs\\\/#\\\/schema\\\/logo\\\/image\\\/\",\"url\":\"https:\\\/\\\/zaptivnielementi.rs\\\/wp-content\\\/uploads\\\/2023\\\/05\\\/cropped-prva-petoletka-zaptivke.png\",\"contentUrl\":\"https:\\\/\\\/zaptivnielementi.rs\\\/wp-content\\\/uploads\\\/2023\\\/05\\\/cropped-prva-petoletka-zaptivke.png\",\"width\":300,\"height\":66,\"caption\":\"Zaptivni Elementi\"},\"image\":{\"@id\":\"https:\\\/\\\/zaptivnielementi.rs\\\/#\\\/schema\\\/logo\\\/image\\\/\"}}]}<\/script>\n<!-- \/ Yoast SEO plugin. -->","yoast_head_json":{"title":"About - Prva Petoletka","description":"About - Prva Petoletka","robots":{"index":"index","follow":"follow","max-snippet":"max-snippet:-1","max-image-preview":"max-image-preview:large","max-video-preview":"max-video-preview:-1"},"canonical":"https:\/\/zaptivnielementi.rs\/en\/about-2\/","og_locale":"en_US","og_type":"article","og_title":"About - Prva Petoletka","og_description":"About - Prva Petoletka","og_url":"https:\/\/zaptivnielementi.rs\/en\/about-2\/","og_site_name":"Prva Petoletka","article_modified_time":"2023-05-16T12:26:47+00:00","og_image":[{"url":"https:\/\/zaptivnielementi.rs\/wp-content\/uploads\/2023\/05\/Mapa1-1024x744.jpg","type":"","width":"","height":""}],"twitter_card":"summary_large_image","twitter_misc":{"Est. reading time":"1 minute"},"schema":{"@context":"https:\/\/schema.org","@graph":[{"@type":"WebPage","@id":"https:\/\/zaptivnielementi.rs\/about-2\/","url":"https:\/\/zaptivnielementi.rs\/about-2\/","name":"About - Prva Petoletka","isPartOf":{"@id":"https:\/\/zaptivnielementi.rs\/#website"},"primaryImageOfPage":{"@id":"https:\/\/zaptivnielementi.rs\/about-2\/#primaryimage"},"image":{"@id":"https:\/\/zaptivnielementi.rs\/about-2\/#primaryimage"},"thumbnailUrl":"https:\/\/zaptivnielementi.rs\/wp-content\/uploads\/2023\/05\/Mapa1-1024x744.jpg","datePublished":"2021-05-03T13:29:33+00:00","dateModified":"2023-05-16T12:26:47+00:00","description":"About - Prva Petoletka","breadcrumb":{"@id":"https:\/\/zaptivnielementi.rs\/about-2\/#breadcrumb"},"inLanguage":"en-US","potentialAction":[{"@type":"ReadAction","target":["https:\/\/zaptivnielementi.rs\/about-2\/"]}]},{"@type":"ImageObject","inLanguage":"en-US","@id":"https:\/\/zaptivnielementi.rs\/about-2\/#primaryimage","url":"https:\/\/zaptivnielementi.rs\/wp-content\/uploads\/2023\/05\/Mapa1-1024x744.jpg","contentUrl":"https:\/\/zaptivnielementi.rs\/wp-content\/uploads\/2023\/05\/Mapa1-1024x744.jpg"},{"@type":"BreadcrumbList","@id":"https:\/\/zaptivnielementi.rs\/about-2\/#breadcrumb","itemListElement":[{"@type":"ListItem","position":1,"name":"Home","item":"https:\/\/zaptivnielementi.rs\/"},{"@type":"ListItem","position":2,"name":"About"}]},{"@type":"WebSite","@id":"https:\/\/zaptivnielementi.rs\/#website","url":"https:\/\/zaptivnielementi.rs\/","name":"Zaptivni Elementi","description":"zaptivnielementi","publisher":{"@id":"https:\/\/zaptivnielementi.rs\/#organization"},"potentialAction":[{"@type":"SearchAction","target":{"@type":"EntryPoint","urlTemplate":"https:\/\/zaptivnielementi.rs\/?s={search_term_string}"},"query-input":{"@type":"PropertyValueSpecification","valueRequired":true,"valueName":"search_term_string"}}],"inLanguage":"en-US"},{"@type":"Organization","@id":"https:\/\/zaptivnielementi.rs\/#organization","name":"Zaptivni Elementi","url":"https:\/\/zaptivnielementi.rs\/","logo":{"@type":"ImageObject","inLanguage":"en-US","@id":"https:\/\/zaptivnielementi.rs\/#\/schema\/logo\/image\/","url":"https:\/\/zaptivnielementi.rs\/wp-content\/uploads\/2023\/05\/cropped-prva-petoletka-zaptivke.png","contentUrl":"https:\/\/zaptivnielementi.rs\/wp-content\/uploads\/2023\/05\/cropped-prva-petoletka-zaptivke.png","width":300,"height":66,"caption":"Zaptivni Elementi"},"image":{"@id":"https:\/\/zaptivnielementi.rs\/#\/schema\/logo\/image\/"}}]}},"_links":{"self":[{"href":"https:\/\/zaptivnielementi.rs\/en\/wp-json\/wp\/v2\/pages\/113","targetHints":{"allow":["GET"]}}],"collection":[{"href":"https:\/\/zaptivnielementi.rs\/en\/wp-json\/wp\/v2\/pages"}],"about":[{"href":"https:\/\/zaptivnielementi.rs\/en\/wp-json\/wp\/v2\/types\/page"}],"author":[{"embeddable":true,"href":"https:\/\/zaptivnielementi.rs\/en\/wp-json\/wp\/v2\/users\/1"}],"replies":[{"embeddable":true,"href":"https:\/\/zaptivnielementi.rs\/en\/wp-json\/wp\/v2\/comments?post=113"}],"version-history":[{"count":37,"href":"https:\/\/zaptivnielementi.rs\/en\/wp-json\/wp\/v2\/pages\/113\/revisions"}],"predecessor-version":[{"id":1091,"href":"https:\/\/zaptivnielementi.rs\/en\/wp-json\/wp\/v2\/pages\/113\/revisions\/1091"}],"wp:attachment":[{"href":"https:\/\/zaptivnielementi.rs\/en\/wp-json\/wp\/v2\/media?parent=113"}],"curies":[{"name":"wp","href":"https:\/\/api.w.org\/{rel}","templated":true}]}}